{"id":31,"date":"2015-09-03T19:45:30","date_gmt":"2015-09-03T17:45:30","guid":{"rendered":"http:\/\/www.cafestadtbahn.org\/?page_id=31"},"modified":"2018-06-05T13:53:20","modified_gmt":"2018-06-05T11:53:20","slug":"impressum","status":"publish","type":"page","link":"https:\/\/www.cafestadtbahn.org\/?page_id=31","title":{"rendered":"Impressum"},"content":{"rendered":"<p><strong>Verantwortlich f\u00fcr den Inhalt dieser Seite<\/strong> (ausgenommen Benutzerkommentare und Inhalte auf\u00a0verlinkten Seiten)<br \/>\nFirmenname: Mag.\u00a0Philip Giokas<br \/>\nCafe-Stadtbahn<br \/>\nGersthofer Stra\u00dfe 47, A-1180 Wien<br \/>\n+43 1 4791353<br \/>\npost@cafestadtbahn.org<\/p>\n<p>Mitglied der Wirtschaftskammer Wien, FG Kaffeeh\u00e4user<\/p>\n<p>Beh\u00f6rde gem. ECG: Magistratisches Bezirksamt des 18. Bezirkes<\/p>\n<p><a href=\"https:\/\/firmen.wko.at\/Web\/DetailsKontakt.aspx?FirmaID=e9868364-ab7f-4abf-8ff3-688c2227f4ff&amp;StandortID=0&amp;Suchbegriff=cafe+stadtbahn&amp;Page=1\">WKO<\/a><\/p>\n<p><a href=\"http:\/\/www.ris.bka.gv.at\" target=\"_blank\" rel=\"noopener\">Gewerbeordnung<\/a><\/p>\n<h3 id=\"heading_Erklaerung_zur_Informationspflicht_2\">Erkl\u00e4rung zur Informationspflicht<\/h3>\n<h4 id=\"heading__Datenschutzerklaerung_\">(Datenschutzerkl\u00e4rung)<\/h4>\n<p>Der Schutz Ihrer pers\u00f6nlichen Daten ist uns ein besonderes Anliegen. Wir verarbeiten Ihre Daten daher ausschlie\u00dflich auf Grundlage der gesetzlichen Bestimmungen (DSGVO, TKG 2003). In diesen Datenschutzinformationen informieren wir Sie \u00fcber die wichtigsten Aspekte der Datenverarbeitung im Rahmen unserer Website.<\/p>\n<h4 id=\"heading_Kontakt_mit_uns\">Kontakt mit dem Caf\u00e9 Stadtbahn<\/h4>\n<p>Wenn Sie per E-Mail Kontakt mit uns aufnehmen, werden Ihre angegebenen Daten zwecks Bearbeitung der Anfrage und f\u00fcr den Fall von Anschlussfragen maximal sechs Monate bei uns gespeichert. Diese Daten geben wir nicht ohne Ihre Einwilligung weiter.<\/p>\n<h4 id=\"heading_Datenspeicherung\">Datenspeicherung<\/h4>\n<p>Wir speichern nur Ihre E-Mail-Adresse und Ihren Namen, sofern Sie sich zu unserem Newsletter angemeldet haben. Wir geben niemals Daten weiter.<\/p>\n<h4 id=\"heading_Cookies\">Cookies<\/h4>\n<p>Unsere Website verwendet so genannte Cookies. Dabei handelt es sich um kleine Textdateien, die mit Hilfe des Browsers auf Ihrem Endger\u00e4t abgelegt werden. Sie richten keinen Schaden an. Einige Cookies bleiben auf Ihrem Endger\u00e4t gespeichert, bis Sie diese l\u00f6schen. Sie erm\u00f6glichen es uns, Ihren Browser beim n\u00e4chsten Besuch wiederzuerkennen.<\/p>\n<p>Wenn Sie dies nicht w\u00fcnschen, so k\u00f6nnen Sie Ihren Browser so einrichten, dass er Sie \u00fcber das Setzen von Cookies informiert und Sie dies nur im Einzelfall erlauben.<\/p>\n<p>Bei der Deaktivierung von Cookies kann die Funktionalit\u00e4t unserer Website eingeschr\u00e4nkt sein.<\/p>\n<h4 id=\"heading_Web_Analyse\">Web-Analyse<\/h4>\n<p>Wir verwenden derzeit keine Web-Analyse Tools. (Stand Mai 2018)<\/p>\n<h4 id=\"heading_Newsletter\">Newsletter<\/h4>\n<p>Sie haben die M\u00f6glichkeit, per Mail an post@cafestadtbahn.org unseren Newsletter zu abonnieren. Hierf\u00fcr ben\u00f6tigen wir Ihre Zustimmung, dass Sie mit dem Bezug des Newsletters einverstanden sind.<\/p>\n<p>Das Abo des Newsletters k\u00f6nnen Sie jederzeit stornieren. Senden Sie Ihre Stornierung bitte an folgende E-Mail-Adresse:<br \/>\npost@cafestadtbahn.org<br \/>\nWir l\u00f6schen anschlie\u00dfend umgehend Ihre Daten im Zusammenhang mit dem Newsletter-Versand.<\/p>\n<h4 id=\"heading_Ihre_Rechte\">Ihre Rechte<\/h4>\n<p>Ihnen stehen grunds\u00e4tzlich die Rechte auf Auskunft, Berichtigung, L\u00f6schung, Einschr\u00e4nkung, Daten\u00fcbertragbarkeit, Widerruf und Widerspruch zu. Wenn Sie glauben, dass die Verarbeitung Ihrer Daten gegen das Datenschutzrecht verst\u00f6\u00dft oder Ihre datenschutzrechtlichen Anspr\u00fcche sonst in einer Weise verletzt worden sind, k\u00f6nnen Sie sich bei der Aufsichtsbeh\u00f6rde beschweren. In \u00d6sterreich ist dies die Datenschutzbeh\u00f6rde.<\/p>\n<h4 id=\"heading_Sie_erreichen_uns_unter_folgenden_Kontaktdaten_\">Sie erreichen uns unter folgenden Kontaktdaten:<\/h4>\n<p><i>post@cafestadtbahn.org<br \/>\n01 4791353<\/i><\/p>\n","protected":false},"excerpt":{"rendered":"<p>Verantwortlich f\u00fcr den Inhalt dieser Seite (ausgenommen Benutzerkommentare und Inhalte auf\u00a0verlinkten Seiten) Firmenname: Mag.\u00a0Philip Giokas Cafe-Stadtbahn Gersthofer Stra\u00dfe 47, A-1180 Wien +43 1 4791353 post@cafestadtbahn.org Mitglied der Wirtschaftskammer Wien, FG Kaffeeh\u00e4user Beh\u00f6rde gem. ECG: Magistratisches Bezirksamt des 18. Bezirkes WKO Gewerbeordnung Erkl\u00e4rung zur Informationspflicht (Datenschutzerkl\u00e4rung) Der Schutz Ihrer pers\u00f6nlichen Daten ist uns ein besonderes Anliegen. [&hellip;]<\/p>\n","protected":false},"author":1,"featured_media":0,"parent":0,"menu_order":0,"comment_status":"closed","ping_status":"closed","template":"","meta":{"footnotes":""},"class_list":["post-31","page","type-page","status-publish","hentry"],"_links":{"self":[{"href":"https:\/\/www.cafestadtbahn.org\/index.php?rest_route=\/wp\/v2\/pages\/31","targetHints":{"allow":["GET"]}}],"collection":[{"href":"https:\/\/www.cafestadtbahn.org\/index.php?rest_route=\/wp\/v2\/pages"}],"about":[{"href":"https:\/\/www.cafestadtbahn.org\/index.php?rest_route=\/wp\/v2\/types\/page"}],"author":[{"embeddable":true,"href":"https:\/\/www.cafestadtbahn.org\/index.php?rest_route=\/wp\/v2\/users\/1"}],"replies":[{"embeddable":true,"href":"https:\/\/www.cafestadtbahn.org\/index.php?rest_route=%2Fwp%2Fv2%2Fcomments&post=31"}],"version-history":[{"count":5,"href":"https:\/\/www.cafestadtbahn.org\/index.php?rest_route=\/wp\/v2\/pages\/31\/revisions"}],"predecessor-version":[{"id":729,"href":"https:\/\/www.cafestadtbahn.org\/index.php?rest_route=\/wp\/v2\/pages\/31\/revisions\/729"}],"wp:attachment":[{"href":"https:\/\/www.cafestadtbahn.org\/index.php?rest_route=%2Fwp%2Fv2%2Fmedia&parent=31"}],"curies":[{"name":"wp","href":"https:\/\/api.w.org\/{rel}","templated":true}]}}